{"id":7033,"date":"2023-11-16T23:17:54","date_gmt":"2023-11-16T23:17:54","guid":{"rendered":"https:\/\/scalpel.com.covehiculo-refrigerado-de-transporte-de-vacunas-rvtv\/"},"modified":"2023-12-04T14:56:03","modified_gmt":"2023-12-04T14:56:03","slug":"vehiculo-refrigerado-de-transporte-de-vacunas-rvtv","status":"publish","type":"page","link":"https:\/\/scalpel.com.co\/en\/vehiculo-refrigerado-de-transporte-de-vacunas-rvtv\/","title":{"rendered":"Veh\u00edculo refrigerado de transporte de vacunas (RVTV)"},"content":{"rendered":"<p>[et_pb_section fb_built=&#8221;1&#8243; admin_label=&#8221;Banner&#8221; _builder_version=&#8221;4.23&#8243; _module_preset=&#8221;default&#8221; background_image=&#8221;https:\/\/scalpel.com.co\/wp-content\/uploads\/2023\/11\/BMS_1200x620px_Banner-Web_Toyota.jpg&#8221; background_position=&#8221;top_left&#8221; min_height=&#8221;533.3px&#8221; global_colors_info=&#8221;{}&#8221;][et_pb_row use_custom_gutter=&#8221;on&#8221; gutter_width=&#8221;2&#8243; make_equal=&#8221;on&#8221; custom_padding_last_edited=&#8221;on|phone&#8221; _builder_version=&#8221;4.23&#8243; _module_preset=&#8221;default&#8221; width=&#8221;61%&#8221; width_tablet=&#8221;61%&#8221; width_phone=&#8221;100%&#8221; width_last_edited=&#8221;on|phone&#8221; max_width=&#8221;1260px&#8221; module_alignment=&#8221;left&#8221; min_height=&#8221;346.3px&#8221; custom_margin=&#8221;147px|auto||67px|false|false&#8221; custom_margin_tablet=&#8221;147px|auto||67px|false|false&#8221; custom_margin_phone=&#8221;126px|||43px|false|false&#8221; custom_margin_last_edited=&#8221;on|phone&#8221; custom_padding=&#8221;12em||||false|false&#8221; custom_padding_tablet=&#8221;8em||||false|false&#8221; custom_padding_phone=&#8221;3em||0px||false|false&#8221; module_alignment_tablet=&#8221;left&#8221; module_alignment_phone=&#8221;right&#8221; module_alignment_last_edited=&#8221;on|phone&#8221; global_colors_info=&#8221;{}&#8221;][et_pb_column type=&#8221;4_4&#8243; _builder_version=&#8221;4.21.0&#8243; _module_preset=&#8221;default&#8221; global_colors_info=&#8221;{}&#8221;][et_pb_button button_url=&#8221;@ET-DC@eyJkeW5hbWljIjp0cnVlLCJjb250ZW50IjoicG9zdF9saW5rX3VybF9wYWdlIiwic2V0dGluZ3MiOnsicG9zdF9pZCI6IjUzIn19@&#8221; button_text=&#8221;VEH\u00cdCULO DE TRANSPORTE REFRIGERADO DE VACUNAS&#8221; button_alignment=&#8221;center&#8221; _builder_version=&#8221;4.23&#8243; _dynamic_attributes=&#8221;button_url&#8221; _module_preset=&#8221;default&#8221; custom_button=&#8221;on&#8221; button_text_size=&#8221;1.3em&#8221; button_text_color=&#8221;#024511&#8243; button_bg_color=&#8221;rgba(255,255,255,0.8)&#8221; button_border_width=&#8221;0px&#8221; button_border_radius=&#8221;8px&#8221; button_font=&#8221;Montserrat|600||on|||||&#8221; button_icon=&#8221;&#x34;||divi||400&#8243; button_icon_placement=&#8221;left&#8221; button_on_hover=&#8221;off&#8221; button_text_size_tablet=&#8221;1.2em&#8221; button_text_size_phone=&#8221;1em&#8221; button_text_size_last_edited=&#8221;on|phone&#8221; global_colors_info=&#8221;{}&#8221; button_text_color__hover_enabled=&#8221;on|hover&#8221; button_text_color__hover=&#8221;#B02B08&#8243;][\/et_pb_button][et_pb_button button_url=&#8221;@ET-DC@eyJkeW5hbWljIjp0cnVlLCJjb250ZW50IjoicG9zdF9saW5rX3VybF9wYWdlIiwic2V0dGluZ3MiOnsicG9zdF9pZCI6IjUzIn19@&#8221; button_text=&#8221;back to categories&#8221; button_alignment=&#8221;center&#8221; _builder_version=&#8221;4.22.2&#8243; _dynamic_attributes=&#8221;button_url&#8221; _module_preset=&#8221;default&#8221; custom_button=&#8221;on&#8221; button_text_size=&#8221;1.3em&#8221; button_text_color=&#8221;#024511&#8243; button_bg_color=&#8221;rgba(255,255,255,0.8)&#8221; button_border_width=&#8221;0px&#8221; button_border_radius=&#8221;8px&#8221; button_font=&#8221;Montserrat|600||on|||||&#8221; button_icon=&#8221;&#x34;||divi||400&#8243; button_icon_placement=&#8221;left&#8221; button_on_hover=&#8221;off&#8221; button_text_size_tablet=&#8221;1.2em&#8221; button_text_size_phone=&#8221;1em&#8221; button_text_size_last_edited=&#8221;on|phone&#8221; global_colors_info=&#8221;{}&#8221; button_text_color__hover_enabled=&#8221;on|hover&#8221; button_text_color__hover=&#8221;#B02B08&#8243;][\/et_pb_button][\/et_pb_column][\/et_pb_row][\/et_pb_section][et_pb_section fb_built=&#8221;1&#8243; _builder_version=&#8221;4.22.2&#8243; _module_preset=&#8221;default&#8221; custom_margin=&#8221;2%||||false|false&#8221; custom_margin_tablet=&#8221;2%||||false|false&#8221; custom_margin_phone=&#8221;2%||||false|false&#8221; custom_margin_last_edited=&#8221;on|desktop&#8221; custom_padding=&#8221;0px||||false|false&#8221; global_colors_info=&#8221;{}&#8221;][et_pb_row custom_padding_last_edited=&#8221;on|phone&#8221; _builder_version=&#8221;4.22.2&#8243; _module_preset=&#8221;default&#8221; custom_padding=&#8221;0px||||false|false&#8221; custom_padding_tablet=&#8221;2%||||false|false&#8221; custom_padding_phone=&#8221;2%||||false|false&#8221; global_colors_info=&#8221;{}&#8221;][et_pb_column type=&#8221;4_4&#8243; _builder_version=&#8221;4.22.2&#8243; _module_preset=&#8221;default&#8221; global_colors_info=&#8221;{}&#8221;][et_pb_text _builder_version=&#8221;4.23&#8243; _module_preset=&#8221;default&#8221; text_font=&#8221;Montserrat||||||||&#8221; text_text_color=&#8221;#2D2D2D&#8221; text_font_size=&#8221;1.1em&#8221; text_orientation=&#8221;center&#8221; text_font_size_tablet=&#8221;1.1em&#8221; text_font_size_phone=&#8221;1em&#8221; text_font_size_last_edited=&#8221;on|desktop&#8221; text_orientation_tablet=&#8221;center&#8221; text_orientation_phone=&#8221;justified&#8221; text_orientation_last_edited=&#8221;on|phone&#8221; global_colors_info=&#8221;{}&#8221;]<\/p>\n<p><span>El Veh\u00edculo Refrigerado de Transporte de Vacunas (RVTV), en colaboraci\u00f3n con Toyota Tsusho Corporation, es un 4\u00d74 que incluye un frigor\u00edfico integrado en el veh\u00edculo. El RVTV se utiliza para el transporte seguro de vacunas, productos farmac\u00e9uticos o cualquier otro esp\u00e9cimen a temperaturas de entre 2 y 8 \u00b0C. C<\/span>on certificado PQS.<\/p>\n<p>[\/et_pb_text][\/et_pb_column][\/et_pb_row][et_pb_row use_custom_gutter=&#8221;on&#8221; gutter_width=&#8221;2&#8243; make_equal=&#8221;on&#8221; _builder_version=&#8221;4.23&#8243; _module_preset=&#8221;default&#8221; width=&#8221;90%&#8221; width_tablet=&#8221;90%&#8221; width_phone=&#8221;90%&#8221; width_last_edited=&#8221;on|desktop&#8221; max_width=&#8221;1440px&#8221; max_width_tablet=&#8221;1440px&#8221; max_width_phone=&#8221;90%&#8221; max_width_last_edited=&#8221;on|desktop&#8221; hover_enabled=&#8221;0&#8243; global_colors_info=&#8221;{}&#8221; custom_css_main_element_last_edited=&#8221;on|tablet&#8221; custom_css_main_element_phone=&#8221;display: grid;||grid-template-columns: repeat(2, 1fr);&#8221; sticky_enabled=&#8221;0&#8243;][et_pb_column type=&#8221;4_4&#8243; _builder_version=&#8221;4.22.2&#8243; _module_preset=&#8221;default&#8221; custom_padding_tablet=&#8221;&#8221; custom_padding_phone=&#8221;|1%||1%|false|true&#8221; custom_padding_last_edited=&#8221;on|phone&#8221; global_colors_info=&#8221;{}&#8221;][wdcl_image_carousel autoplay_speed=&#8221;2400ms&#8221; nav_pagi=&#8221;none&#8221; slide_count=&#8221;1&#8243; _builder_version=&#8221;4.23&#8243; _module_preset=&#8221;default&#8221; width=&#8221;45.4%&#8221; width_tablet=&#8221;80%&#8221; width_phone=&#8221;90%&#8221; width_last_edited=&#8221;on|phone&#8221; module_alignment=&#8221;center&#8221; hover_enabled=&#8221;0&#8243; global_colors_info=&#8221;{}&#8221; min_height=&#8221;435px&#8221; custom_padding=&#8221;|36px||||&#8221; sticky_enabled=&#8221;0&#8243;][wdcl_image_carousel_child photo=&#8221;https:\/\/scalpel.com.co\/wp-content\/uploads\/2023\/11\/CF850-side-open-shadow-fotor-20231127125221.jpg&#8221; _builder_version=&#8221;4.23&#8243; _module_preset=&#8221;default&#8221; border_radii_item=&#8221;on|8px|8px|8px|8px&#8221; global_colors_info=&#8221;{}&#8221;][\/wdcl_image_carousel_child][wdcl_image_carousel_child photo=&#8221;https:\/\/scalpel.com.co\/wp-content\/uploads\/2023\/11\/CF850-side-close-shadow-fotor-2023112712519.jpg&#8221; _builder_version=&#8221;4.23&#8243; _module_preset=&#8221;default&#8221; border_radii_item=&#8221;on|8px|8px|8px|8px&#8221; global_colors_info=&#8221;{}&#8221;][\/wdcl_image_carousel_child][wdcl_image_carousel_child photo=&#8221;https:\/\/scalpel.com.co\/wp-content\/uploads\/2023\/11\/image-fotor-20231127124859.jpg&#8221; _builder_version=&#8221;4.23&#8243; _module_preset=&#8221;default&#8221; border_radii_item=&#8221;on|8px|8px|8px|8px&#8221; global_colors_info=&#8221;{}&#8221;][\/wdcl_image_carousel_child][\/wdcl_image_carousel][et_pb_text _builder_version=&#8221;4.22.2&#8243; _module_preset=&#8221;default&#8221; text_font=&#8221;Montserrat|700||on|||||&#8221; text_text_color=&#8221;#2d2d2d&#8221; text_font_size=&#8221;1.3em&#8221; text_orientation=&#8221;center&#8221; text_font_size_tablet=&#8221;1.2em&#8221; text_font_size_phone=&#8221;1em&#8221; text_font_size_last_edited=&#8221;on|tablet&#8221; text_text_align=&#8221;center&#8221; global_colors_info=&#8221;{}&#8221;]<\/p>\n<p>RCW 4<\/p>\n<p>[\/et_pb_text][et_pb_text _builder_version=&#8221;4.23&#8243; _module_preset=&#8221;default&#8221; text_font=&#8221;Montserrat|300||on|||||&#8221; text_text_color=&#8221;#2D2D2D&#8221; text_font_size=&#8221;1.1em&#8221; text_orientation=&#8221;center&#8221; max_width=&#8221;210px&#8221; max_width_tablet=&#8221;&#8221; max_width_phone=&#8221;&#8221; max_width_last_edited=&#8221;on|phone&#8221; module_alignment=&#8221;center&#8221; custom_margin_tablet=&#8221;&#8221; custom_margin_phone=&#8221;||||false|false&#8221; custom_margin_last_edited=&#8221;on|phone&#8221; link_option_url=&#8221;https:\/\/www.bmedicalsystems.com\/es\/product\/vehiculo-refrigerado-para-el-transporte-de-vacunas\/&#8221; link_option_url_new_window=&#8221;on&#8221; hover_enabled=&#8221;0&#8243; text_font_size_tablet=&#8221;1.1em&#8221; text_font_size_phone=&#8221;0.9em&#8221; text_font_size_last_edited=&#8221;on|phone&#8221; custom_css_main_element=&#8221;cursor:pointer;&#8221; border_width_bottom=&#8221;1px&#8221; border_color_bottom=&#8221;#2D2D2D&#8221; global_colors_info=&#8221;{}&#8221; text_text_color__hover_enabled=&#8221;on|hover&#8221; text_text_color__hover=&#8221;#B02B08&#8243; border_color_bottom__hover_enabled=&#8221;on|hover&#8221; border_color_bottom__hover=&#8221;#B02B08&#8243; sticky_enabled=&#8221;0&#8243;]<\/p>\n<p>view product<\/p>\n<p>[\/et_pb_text][et_pb_text _builder_version=&#8221;4.22.2&#8243; _module_preset=&#8221;default&#8221; text_font=&#8221;Montserrat|300||on|||||&#8221; text_text_color=&#8221;#2D2D2D&#8221; text_font_size=&#8221;1.1em&#8221; text_orientation=&#8221;center&#8221; max_width=&#8221;210px&#8221; max_width_tablet=&#8221;&#8221; max_width_phone=&#8221;&#8221; max_width_last_edited=&#8221;on|phone&#8221; module_alignment=&#8221;center&#8221; link_option_url=&#8221;https:\/\/scalpel.com.co\/wp-content\/uploads\/2023\/10\/CAJA-RCW-4-ESPECIFICACIONES-TECNICAS-.pdf&#8221; link_option_url_new_window=&#8221;on&#8221; text_font_size_tablet=&#8221;1.1em&#8221; text_font_size_phone=&#8221;0.9em&#8221; text_font_size_last_edited=&#8221;on|phone&#8221; custom_css_main_element=&#8221;cursor:pointer;&#8221; border_width_bottom=&#8221;1px&#8221; border_color_bottom=&#8221;#2D2D2D&#8221; locked=&#8221;off&#8221; global_colors_info=&#8221;{}&#8221; text_text_color__hover_enabled=&#8221;on|hover&#8221; text_text_color__hover=&#8221;#B02B08&#8243; border_color_bottom__hover_enabled=&#8221;on|hover&#8221; border_color_bottom__hover=&#8221;#B02B08&#8243;]<\/p>\n<p>Technical data<\/p>\n<p>[\/et_pb_text][\/et_pb_column][\/et_pb_row][\/et_pb_section]<\/p>\n","protected":false},"excerpt":{"rendered":"<p>El Veh\u00edculo Refrigerado de Transporte de Vacunas (RVTV), en colaboraci\u00f3n con Toyota Tsusho Corporation, es un 4\u00d74 que incluye un frigor\u00edfico integrado en el veh\u00edculo. El RVTV se utiliza para el transporte seguro de vacunas, productos farmac\u00e9uticos o cualquier otro esp\u00e9cimen a temperaturas de entre 2 y 8 \u00b0C. Con certificado PQS.<div class=\"et_pb_module wdcl_image_carousel wdcl_image_carousel_0\">\n\t\t\t\t\n\t\t\t\t\n\t\t\t\t\n\t\t\t\t\n\t\t\t\t\n\t\t\t\t\n\t\t\t\t<div class=\"et_pb_module_inner\">\n\t\t\t\t\t<div dir=\"ltr\" class=\"dcm-container dcm-carousel-maker dcm-lightbox-disabled\" data-pagi=\"false\"\n\t\t\tdata-pagi-tablet=\"false\"\n\t\t\tdata-pagi-phone=\"false\"\n\t\t\tdata-nav=\"false\"\n\t\t\tdata-nav-tablet=\"false\"\n\t\t\tdata-nav-phone=\"false\"\n\t\t\tdata-autoplay=\"on\"\n\t\t\tdata-autoplay-speed=\"&#8221;2400ms&#8221;\"\n\t\t\tdata-speed=\"700ms\"\n\t\t\tdata-slides=\"&#8221;1&#8243;\"\n\t\t\tdata-slides-tablet=\"&#8221;1&#8243;\"\n\t\t\tdata-slides-phone=\"&#8221;1&#8243;\"\n\t\t\tdata-center=\"off\"\n\t\t\tdata-center-mode-type=\"classic\"\n\t\t\tdata-center-padding=\"70px||\"\n\t\t\tdata-vertical=\"off\"\n\t\t\tdata-icon-left=\"4\"\n\t\t\tdata-icon-right=\"5\"\n\t\t\tdata-infinite=\"on\"\n\t\t\tdata-variable-width=\"off\"\n\t\t\tdata-auto-height=\"off\"\n\t\t\tdata-items-scroll=\"1||\"\n\t\t\tdata-fade=\"off\"\n\t\t\tdata-dir=\"ltr\">\n                \n            <\/div>\n\t\t\t\t<\/div>\n\t\t\t<\/div><\/p>\n","protected":false},"author":1,"featured_media":0,"parent":0,"menu_order":0,"comment_status":"closed","ping_status":"closed","template":"","meta":{"_et_pb_use_builder":"on","_et_pb_old_content":"","_et_gb_content_width":"","inline_featured_image":false,"footnotes":""},"class_list":["post-7033","page","type-page","status-publish","hentry"],"yoast_head":"<!-- This site is optimized with the Yoast SEO plugin v24.8.1 - https:\/\/yoast.com\/wordpress\/plugins\/seo\/ -->\n<title>Veh\u00edculo refrigerado de transporte de vacunas (RVTV) - Scalpel<\/title>\n<meta name=\"description\" content=\"En colaboraci\u00f3n con Toyota Tsusho. Para el transporte seguro de vacunas, productos farmac\u00e9uticos o cualquier otro esp\u00e9cimen a 2-8\u00b0\" \/>\n<meta name=\"robots\" content=\"index, follow, max-snippet:-1, max-image-preview:large, max-video-preview:-1\" \/>\n<link rel=\"canonical\" href=\"https:\/\/scalpel.com.co\/en\/vehiculo-refrigerado-de-transporte-de-vacunas-rvtv\/\" \/>\n<meta property=\"og:locale\" content=\"en_US\" \/>\n<meta property=\"og:type\" content=\"article\" \/>\n<meta property=\"og:title\" content=\"Veh\u00edculo refrigerado de transporte de vacunas (RVTV) - Scalpel\" \/>\n<meta property=\"og:description\" content=\"En colaboraci\u00f3n con Toyota Tsusho. Para el transporte seguro de vacunas, productos farmac\u00e9uticos o cualquier otro esp\u00e9cimen a 2-8\u00b0\" \/>\n<meta property=\"og:url\" content=\"https:\/\/scalpel.com.co\/en\/vehiculo-refrigerado-de-transporte-de-vacunas-rvtv\/\" \/>\n<meta property=\"og:site_name\" content=\"Scalpel\" \/>\n<meta property=\"article:modified_time\" content=\"2023-12-04T14:56:03+00:00\" \/>\n<meta name=\"twitter:card\" content=\"summary_large_image\" \/>\n<meta name=\"twitter:label1\" content=\"Est. reading time\" \/>\n\t<meta name=\"twitter:data1\" content=\"6 minutes\" \/>\n<!-- \/ Yoast SEO plugin. -->","yoast_head_json":{"title":"Veh\u00edculo refrigerado de transporte de vacunas (RVTV) - Scalpel","description":"En colaboraci\u00f3n con Toyota Tsusho. Para el transporte seguro de vacunas, productos farmac\u00e9uticos o cualquier otro esp\u00e9cimen a 2-8\u00b0","robots":{"index":"index","follow":"follow","max-snippet":"max-snippet:-1","max-image-preview":"max-image-preview:large","max-video-preview":"max-video-preview:-1"},"canonical":"https:\/\/scalpel.com.co\/en\/vehiculo-refrigerado-de-transporte-de-vacunas-rvtv\/","og_locale":"en_US","og_type":"article","og_title":"Veh\u00edculo refrigerado de transporte de vacunas (RVTV) - Scalpel","og_description":"En colaboraci\u00f3n con Toyota Tsusho. Para el transporte seguro de vacunas, productos farmac\u00e9uticos o cualquier otro esp\u00e9cimen a 2-8\u00b0","og_url":"https:\/\/scalpel.com.co\/en\/vehiculo-refrigerado-de-transporte-de-vacunas-rvtv\/","og_site_name":"Scalpel","article_modified_time":"2023-12-04T14:56:03+00:00","twitter_card":"summary_large_image","twitter_misc":{"Est. reading time":"6 minutes"},"schema":{"@context":"https:\/\/schema.org","@graph":[{"@type":"WebPage","@id":"https:\/\/scalpel.com.co\/en\/vehiculo-refrigerado-de-transporte-de-vacunas-rvtv\/","url":"https:\/\/scalpel.com.co\/en\/vehiculo-refrigerado-de-transporte-de-vacunas-rvtv\/","name":"Veh\u00edculo refrigerado de transporte de vacunas (RVTV) - Scalpel","isPartOf":{"@id":"https:\/\/scalpel.com.co\/en\/#website"},"datePublished":"2023-11-16T23:17:54+00:00","dateModified":"2023-12-04T14:56:03+00:00","description":"En colaboraci\u00f3n con Toyota Tsusho. Para el transporte seguro de vacunas, productos farmac\u00e9uticos o cualquier otro esp\u00e9cimen a 2-8\u00b0","breadcrumb":{"@id":"https:\/\/scalpel.com.co\/en\/vehiculo-refrigerado-de-transporte-de-vacunas-rvtv\/#breadcrumb"},"inLanguage":"en-US","potentialAction":[{"@type":"ReadAction","target":["https:\/\/scalpel.com.co\/en\/vehiculo-refrigerado-de-transporte-de-vacunas-rvtv\/"]}]},{"@type":"BreadcrumbList","@id":"https:\/\/scalpel.com.co\/en\/vehiculo-refrigerado-de-transporte-de-vacunas-rvtv\/#breadcrumb","itemListElement":[{"@type":"ListItem","position":1,"name":"Portada","item":"https:\/\/scalpel.com.co\/en\/growing-together\/"},{"@type":"ListItem","position":2,"name":"Veh\u00edculo refrigerado de transporte de vacunas (RVTV)"}]},{"@type":"WebSite","@id":"https:\/\/scalpel.com.co\/en\/#website","url":"https:\/\/scalpel.com.co\/en\/","name":"Scalpel","description":"Scalpel","potentialAction":[{"@type":"SearchAction","target":{"@type":"EntryPoint","urlTemplate":"https:\/\/scalpel.com.co\/en\/?s={search_term_string}"},"query-input":{"@type":"PropertyValueSpecification","valueRequired":true,"valueName":"search_term_string"}}],"inLanguage":"en-US"}]}},"_links":{"self":[{"href":"https:\/\/scalpel.com.co\/en\/wp-json\/wp\/v2\/pages\/7033","targetHints":{"allow":["GET"]}}],"collection":[{"href":"https:\/\/scalpel.com.co\/en\/wp-json\/wp\/v2\/pages"}],"about":[{"href":"https:\/\/scalpel.com.co\/en\/wp-json\/wp\/v2\/types\/page"}],"author":[{"embeddable":true,"href":"https:\/\/scalpel.com.co\/en\/wp-json\/wp\/v2\/users\/1"}],"replies":[{"embeddable":true,"href":"https:\/\/scalpel.com.co\/en\/wp-json\/wp\/v2\/comments?post=7033"}],"version-history":[{"count":16,"href":"https:\/\/scalpel.com.co\/en\/wp-json\/wp\/v2\/pages\/7033\/revisions"}],"predecessor-version":[{"id":7172,"href":"https:\/\/scalpel.com.co\/en\/wp-json\/wp\/v2\/pages\/7033\/revisions\/7172"}],"wp:attachment":[{"href":"https:\/\/scalpel.com.co\/en\/wp-json\/wp\/v2\/media?parent=7033"}],"curies":[{"name":"wp","href":"https:\/\/api.w.org\/{rel}","templated":true}]}}