{"id":729,"date":"2023-07-31T15:35:23","date_gmt":"2023-07-31T15:35:23","guid":{"rendered":"https:\/\/scalpel.com.cocontact-us\/"},"modified":"2024-03-05T16:31:06","modified_gmt":"2024-03-05T16:31:06","slug":"contact-us","status":"publish","type":"page","link":"https:\/\/scalpel.com.co\/en\/contact-us\/","title":{"rendered":"Contact us"},"content":{"rendered":"<p>[et_pb_section fb_built=&#8221;1&#8243; custom_padding_last_edited=&#8221;on|phone&#8221; _builder_version=&#8221;4.21.0&#8243; _module_preset=&#8221;default&#8221; custom_padding_tablet=&#8221;&#8221; custom_padding_phone=&#8221;||0px||false|false&#8221; global_colors_info=&#8221;{}&#8221;][et_pb_row column_structure=&#8221;1_4,1_2,1_4&#8243; use_custom_gutter=&#8221;on&#8221; gutter_width=&#8221;2&#8243; make_equal=&#8221;on&#8221; _builder_version=&#8221;4.21.0&#8243; _module_preset=&#8221;default&#8221; width=&#8221;94%&#8221; width_tablet=&#8221;88%&#8221; width_phone=&#8221;88%&#8221; width_last_edited=&#8221;on|tablet&#8221; max_width=&#8221;94%&#8221; max_width_tablet=&#8221;88%&#8221; max_width_phone=&#8221;88%&#8221; max_width_last_edited=&#8221;on|tablet&#8221; module_alignment=&#8221;center&#8221; global_colors_info=&#8221;{}&#8221; custom_css_main_element_last_edited=&#8221;on|tablet&#8221; custom_css_main_element_tablet=&#8221;display: flex;||flex-wrap: wrap;&#8221; custom_css_main_element_phone=&#8221;display: flex;||flex-wrap: wrap;&#8221;][et_pb_column type=&#8221;1_4&#8243; _builder_version=&#8221;4.21.0&#8243; _module_preset=&#8221;default&#8221; custom_css_main_element=&#8221;display: flex;||flex-direction: column;||justify-content: center;&#8221; global_colors_info=&#8221;{}&#8221; custom_css_main_element_last_edited=&#8221;on|tablet&#8221; custom_css_main_element_tablet=&#8221;display: flex;||flex-direction: column;||justify-content: center;&#8221; custom_css_main_element_phone=&#8221;display: flex;||flex-direction: column;||justify-content: center;&#8221;][et_pb_contact_form captcha=&#8221;off&#8221; email=&#8221;ventas@scalpel.com.co&#8221; title=&#8221;Contact us&#8221; custom_message=&#8221;Nombre: %%nombre%%||et_pb_line_break_holder||Correo electr\u00f3nico: %%correo%%||et_pb_line_break_holder||Tel\u00e9fono celular: %%telefono%%||et_pb_line_break_holder||Ubicaci\u00f3n: %%ubicacion%%||et_pb_line_break_holder||M\u00e9todo preferido de contacto: %%metodo%%||et_pb_line_break_holder||Mensaje: %%mensaje%%&#8221; success_message=&#8221;One of our consultants will contact you very soon.&#8221; _builder_version=&#8221;4.24.2&#8243; _module_preset=&#8221;default&#8221; _unique_id=&#8221;777d3bca-1daf-4939-8f39-72cea756c9b1&#8243; form_field_background_color=&#8221;RGBA(255,255,255,0)&#8221; form_field_text_color=&#8221;#2D2D2D&#8221; form_field_focus_text_color=&#8221;#52131A&#8221; title_font=&#8221;Montserrat|700|||||||&#8221; title_text_color=&#8221;#2D2D2D&#8221; title_font_size=&#8221;1.8em&#8221; form_field_font=&#8221;Montserrat||||||||&#8221; form_field_font_size=&#8221;1em&#8221; background_enable_color=&#8221;off&#8221; custom_button=&#8221;on&#8221; button_text_size=&#8221;1.2em&#8221; button_text_color=&#8221;#FFFFFF&#8221; button_bg_color=&#8221;#A9B745&#8243; button_border_width=&#8221;0px&#8221; button_border_radius=&#8221;6px&#8221; button_font=&#8221;|700|||||||&#8221; button_use_icon=&#8221;off&#8221; button_custom_padding_tablet=&#8221;1%||1%||true|false&#8221; button_custom_padding_phone=&#8221;2%||2%||true|false&#8221; button_custom_padding_last_edited=&#8221;on|tablet&#8221; hover_enabled=&#8221;0&#8243; title_font_size_tablet=&#8221;1.8em&#8221; title_font_size_phone=&#8221;1.6em&#8221; title_font_size_last_edited=&#8221;on|phone&#8221; border_width_bottom=&#8221;1px&#8221; border_color_bottom=&#8221;#2D2D2D&#8221; global_colors_info=&#8221;{}&#8221; button_text_color__hover_enabled=&#8221;off|hover&#8221; button_bg_color__hover_enabled=&#8221;on|hover&#8221; button_bg_color__hover=&#8221;#52131A&#8221; button_bg_enable_color__hover=&#8221;on&#8221; sticky_enabled=&#8221;0&#8243;][et_pb_contact_field field_id=&#8221;nombre&#8221; field_title=&#8221;Name&#8221; fullwidth_field=&#8221;on&#8221; _builder_version=&#8221;4.21.0&#8243; global_colors_info=&#8221;{}&#8221; button_text_size__hover_enabled=&#8221;off&#8221; button_one_text_size__hover_enabled=&#8221;off&#8221; button_two_text_size__hover_enabled=&#8221;off&#8221; button_text_color__hover_enabled=&#8221;off&#8221; button_one_text_color__hover_enabled=&#8221;off&#8221; button_two_text_color__hover_enabled=&#8221;off&#8221; button_border_width__hover_enabled=&#8221;off&#8221; button_one_border_width__hover_enabled=&#8221;off&#8221; button_two_border_width__hover_enabled=&#8221;off&#8221; button_border_color__hover_enabled=&#8221;off&#8221; button_one_border_color__hover_enabled=&#8221;off&#8221; button_two_border_color__hover_enabled=&#8221;off&#8221; button_border_radius__hover_enabled=&#8221;off&#8221; button_one_border_radius__hover_enabled=&#8221;off&#8221; button_two_border_radius__hover_enabled=&#8221;off&#8221; button_letter_spacing__hover_enabled=&#8221;off&#8221; button_one_letter_spacing__hover_enabled=&#8221;off&#8221; button_two_letter_spacing__hover_enabled=&#8221;off&#8221; button_bg_color__hover_enabled=&#8221;off&#8221; button_one_bg_color__hover_enabled=&#8221;off&#8221; button_two_bg_color__hover_enabled=&#8221;off&#8221;][\/et_pb_contact_field][et_pb_contact_field field_id=&#8221;correo&#8221; field_title=&#8221;Email&#8221; field_type=&#8221;email&#8221; fullwidth_field=&#8221;on&#8221; _builder_version=&#8221;4.21.0&#8243; global_colors_info=&#8221;{}&#8221; button_text_size__hover_enabled=&#8221;off&#8221; button_one_text_size__hover_enabled=&#8221;off&#8221; button_two_text_size__hover_enabled=&#8221;off&#8221; button_text_color__hover_enabled=&#8221;off&#8221; button_one_text_color__hover_enabled=&#8221;off&#8221; button_two_text_color__hover_enabled=&#8221;off&#8221; button_border_width__hover_enabled=&#8221;off&#8221; button_one_border_width__hover_enabled=&#8221;off&#8221; button_two_border_width__hover_enabled=&#8221;off&#8221; button_border_color__hover_enabled=&#8221;off&#8221; button_one_border_color__hover_enabled=&#8221;off&#8221; button_two_border_color__hover_enabled=&#8221;off&#8221; button_border_radius__hover_enabled=&#8221;off&#8221; button_one_border_radius__hover_enabled=&#8221;off&#8221; button_two_border_radius__hover_enabled=&#8221;off&#8221; button_letter_spacing__hover_enabled=&#8221;off&#8221; button_one_letter_spacing__hover_enabled=&#8221;off&#8221; button_two_letter_spacing__hover_enabled=&#8221;off&#8221; button_bg_color__hover_enabled=&#8221;off&#8221; button_one_bg_color__hover_enabled=&#8221;off&#8221; button_two_bg_color__hover_enabled=&#8221;off&#8221;][\/et_pb_contact_field][et_pb_contact_field field_id=&#8221;telefono&#8221; field_title=&#8221;Phone&#8221; allowed_symbols=&#8221;numbers&#8221; fullwidth_field=&#8221;on&#8221; _builder_version=&#8221;4.21.0&#8243; _module_preset=&#8221;default&#8221; global_colors_info=&#8221;{}&#8221;][\/et_pb_contact_field][et_pb_contact_field field_id=&#8221;ubicacion&#8221; field_title=&#8221;Location&#8221; fullwidth_field=&#8221;on&#8221; _builder_version=&#8221;4.21.0&#8243; _module_preset=&#8221;default&#8221; global_colors_info=&#8221;{}&#8221;][\/et_pb_contact_field][et_pb_contact_field field_id=&#8221;metodo&#8221; field_title=&#8221;Preferred method of contact&#8221; field_type=&#8221;radio&#8221; radio_options=&#8221;%91{%22value%22:%22Email%22,%22checked%22:0,%22dragID%22:-1},{%22value%22:%22Phone%22,%22checked%22:0,%22dragID%22:0}%93&#8243; fullwidth_field=&#8221;on&#8221; _builder_version=&#8221;4.21.0&#8243; _module_preset=&#8221;default&#8221; border_width_all=&#8221;1px&#8221; border_color_all=&#8221;#A9B745&#8243; global_colors_info=&#8221;{}&#8221;][\/et_pb_contact_field][et_pb_contact_field field_id=&#8221;mensaje&#8221; field_title=&#8221;Message&#8221; fullwidth_field=&#8221;on&#8221; _builder_version=&#8221;4.21.0&#8243; _module_preset=&#8221;default&#8221; global_colors_info=&#8221;{}&#8221;][\/et_pb_contact_field][et_pb_contact_field field_id=&#8221;politicas&#8221; field_title=&#8221; &#8221; field_type=&#8221;checkbox&#8221; checkbox_options=&#8221;%91{%22value%22:%22 I accept the terms and conditions %22,%22checked%22:0,%22dragID%22:-1,%22link_url%22:%22https:\\\/\\\/scalpel.com.copolitica-de-tratamiento-de-datos\\\/%22}%93&#8243; fullwidth_field=&#8221;on&#8221; _builder_version=&#8221;4.22.1&#8243; _module_preset=&#8221;default&#8221; border_radii=&#8221;on|50px|50px|50px|50px&#8221; border_width_all=&#8221;1px&#8221; border_color_all=&#8221;#A9B745&#8243; global_colors_info=&#8221;{}&#8221;][\/et_pb_contact_field][\/et_pb_contact_form][\/et_pb_column][et_pb_column type=&#8221;1_2&#8243; _builder_version=&#8221;4.21.0&#8243; _module_preset=&#8221;default&#8221; global_colors_info=&#8221;{}&#8221; custom_css_main_element_last_edited=&#8221;on|tablet&#8221; custom_css_main_element_tablet=&#8221;order: 3;&#8221; custom_css_main_element_phone=&#8221;order: 3;&#8221;][et_pb_code _builder_version=&#8221;4.21.0&#8243; _module_preset=&#8221;default&#8221; text_orientation=&#8221;center&#8221; border_radii=&#8221;on|8px|8px|8px|8px&#8221; global_colors_info=&#8221;{}&#8221;]<iframe src=\"https:\/\/www.google.com\/maps\/embed?pb=!1m14!1m8!1m3!1d15904.973298279214!2d-74.054859!3d4.727746!3m2!1i1024!2i768!4f13.1!3m3!1m2!1s0x8e3f85153dcc5b57%3A0x5866c0337ee6e91d!2sScalpel!5e0!3m2!1ses!2sus!4v1690909605842!5m2!1ses!2sus\" width=\"100%\" height=\"730\" style=\"border:0;\" allowfullscreen=\"\" loading=\"lazy\" referrerpolicy=\"no-referrer-when-downgrade\"><\/iframe>[\/et_pb_code][\/et_pb_column][et_pb_column type=&#8221;1_4&#8243; _builder_version=&#8221;4.21.0&#8243; _module_preset=&#8221;default&#8221; custom_padding_tablet=&#8221;||7%||false|false&#8221; custom_padding_phone=&#8221;||12%||false|false&#8221; custom_padding_last_edited=&#8221;on|phone&#8221; custom_css_main_element=&#8221;display: flex;||flex-direction: column;||justify-content: center;&#8221; global_colors_info=&#8221;{}&#8221; custom_css_main_element_last_edited=&#8221;on|tablet&#8221; custom_css_main_element_tablet=&#8221;display: flex;||flex-direction: column;||justify-content: center;&#8221; custom_css_main_element_phone=&#8221;display: flex;||flex-direction: column;||justify-content: center;&#8221;][et_pb_blurb title=&#8221;Contact sales&#8221; url=&#8221;mailto:ventas@scalpel.com.co&#8221; url_new_window=&#8221;on&#8221; image=&#8221;https:\/\/scalpel.com.co\/wp-content\/uploads\/2023\/08\/Icono-comunicate-con-ventas-Scalpel.svg&#8221; alt=&#8221;Icono comunicate con ventas Scalpel&#8221; image_icon_width=&#8221;9%&#8221; icon_alignment=&#8221;left&#8221; image_icon_width_tablet=&#8221;8%&#8221; image_icon_width_phone=&#8221;8%&#8221; image_icon_width_last_edited=&#8221;on|tablet&#8221; icon_alignment_tablet=&#8221;center&#8221; icon_alignment_phone=&#8221;center&#8221; icon_alignment_last_edited=&#8221;on|tablet&#8221; content_max_width_tablet=&#8221;1100px&#8221; content_max_width_phone=&#8221;1100px&#8221; content_max_width_last_edited=&#8221;on|tablet&#8221; _builder_version=&#8221;4.21.0&#8243; _module_preset=&#8221;default&#8221; header_level=&#8221;h2&#8243; header_font=&#8221;Montserrat|700|||||||&#8221; header_text_color=&#8221;#2D2D2D&#8221; header_font_size=&#8221;1.2em&#8221; body_font=&#8221;Montserrat||||||||&#8221; body_text_color=&#8221;#2D2D2D&#8221; body_font_size=&#8221;1em&#8221; background_color=&#8221;rgba(242,242,242,0.75)&#8221; custom_padding=&#8221;5%||5%|6%|true|false&#8221; custom_padding_tablet=&#8221;|||0%|true|false&#8221; custom_padding_phone=&#8221;|||0%|true|false&#8221; custom_padding_last_edited=&#8221;on|phone&#8221; link_option_url=&#8221;mailto:ventas@scalpel.com.co&#8221; link_option_url_new_window=&#8221;on&#8221; header_text_align_tablet=&#8221;center&#8221; header_text_align_phone=&#8221;center&#8221; header_text_align_last_edited=&#8221;on|tablet&#8221; body_text_align_tablet=&#8221;center&#8221; body_text_align_phone=&#8221;center&#8221; body_text_align_last_edited=&#8221;on|tablet&#8221; module_alignment_tablet=&#8221;&#8221; module_alignment_phone=&#8221;&#8221; module_alignment_last_edited=&#8221;on|tablet&#8221; custom_css_main_element=&#8221;cursor: pointer;&#8221; border_radii=&#8221;on|8px|8px|8px|8px&#8221; global_colors_info=&#8221;{}&#8221; transform_styles__hover_enabled=&#8221;on|desktop&#8221; transform_scale__hover_enabled=&#8221;on|desktop&#8221; transform_translate__hover_enabled=&#8221;on|desktop&#8221; transform_rotate__hover_enabled=&#8221;on|desktop&#8221; transform_skew__hover_enabled=&#8221;on|desktop&#8221; transform_origin__hover_enabled=&#8221;on|desktop&#8221; transform_scale__hover=&#8221;102%|102%&#8221; body_text_color__hover_enabled=&#8221;on|desktop&#8221; body_text_color__hover=&#8221;#B02B08&#8243;]<\/p>\n<p>ventas@scalpel.com.co<\/p>\n<p>[\/et_pb_blurb][et_pb_blurb title=&#8221;Call us&#8221; image=&#8221;https:\/\/scalpel.com.co\/wp-content\/uploads\/2023\/08\/Icono-llamanos-Scalpel.svg&#8221; alt=&#8221;Icono llamanos Scalpel&#8221; image_icon_width=&#8221;9%&#8221; icon_alignment=&#8221;left&#8221; image_icon_width_tablet=&#8221;8%&#8221; image_icon_width_phone=&#8221;8%&#8221; image_icon_width_last_edited=&#8221;on|tablet&#8221; icon_alignment_tablet=&#8221;center&#8221; icon_alignment_phone=&#8221;center&#8221; icon_alignment_last_edited=&#8221;on|tablet&#8221; content_max_width_tablet=&#8221;1100px&#8221; content_max_width_phone=&#8221;1100px&#8221; content_max_width_last_edited=&#8221;on|tablet&#8221; _builder_version=&#8221;4.21.0&#8243; _module_preset=&#8221;default&#8221; header_level=&#8221;h2&#8243; header_font=&#8221;Montserrat|700|||||||&#8221; header_text_color=&#8221;#2D2D2D&#8221; header_font_size=&#8221;1.2em&#8221; body_font=&#8221;Montserrat||||||||&#8221; body_text_color=&#8221;#2D2D2D&#8221; body_font_size=&#8221;1em&#8221; background_color=&#8221;rgba(242,242,242,0.75)&#8221; custom_padding=&#8221;5%||5%|6%|true|false&#8221; custom_padding_tablet=&#8221;|||0%|true|false&#8221; custom_padding_phone=&#8221;|||0%|true|false&#8221; custom_padding_last_edited=&#8221;on|phone&#8221; header_text_align_tablet=&#8221;center&#8221; header_text_align_phone=&#8221;center&#8221; header_text_align_last_edited=&#8221;on|tablet&#8221; body_text_align_tablet=&#8221;center&#8221; body_text_align_phone=&#8221;center&#8221; body_text_align_last_edited=&#8221;on|tablet&#8221; module_alignment_tablet=&#8221;center&#8221; module_alignment_phone=&#8221;center&#8221; module_alignment_last_edited=&#8221;on|tablet&#8221; custom_css_main_element=&#8221;cursor: pointer;&#8221; border_radii=&#8221;on|8px|8px|8px|8px&#8221; global_colors_info=&#8221;{}&#8221; transform_styles__hover_enabled=&#8221;on|desktop&#8221; transform_scale__hover_enabled=&#8221;on|desktop&#8221; transform_translate__hover_enabled=&#8221;on|desktop&#8221; transform_rotate__hover_enabled=&#8221;on|desktop&#8221; transform_skew__hover_enabled=&#8221;on|desktop&#8221; transform_origin__hover_enabled=&#8221;on|desktop&#8221; transform_scale__hover=&#8221;102%|102%&#8221; body_text_color__hover_enabled=&#8221;on|desktop&#8221; body_text_color__hover=&#8221;#B02B08&#8243;]<\/p>\n<p><span style=\"color: #2d2d2d;\"><a href=\"tel:6012747694\" target=\"_blank\" rel=\"noopener\" style=\"color: #2d2d2d;\">(601) 274 7694<\/a> | <a href=\"tel:6012744167\" target=\"_blank\" rel=\"noopener\" style=\"color: #2d2d2d;\">(601) 274 4167<\/a><\/span><\/p>\n<p>[\/et_pb_blurb][et_pb_blurb title=&#8221;Visit us&#8221; url=&#8221;https:\/\/g.co\/kgs\/cc2Ku5&#8243; url_new_window=&#8221;on&#8221; image=&#8221;https:\/\/scalpel.com.co\/wp-content\/uploads\/2023\/08\/Icono-visitanos-Scalpel.svg&#8221; alt=&#8221;Icono visitanos Scalpel&#8221; image_icon_width=&#8221;9%&#8221; icon_alignment=&#8221;left&#8221; image_icon_width_tablet=&#8221;8%&#8221; image_icon_width_phone=&#8221;8%&#8221; image_icon_width_last_edited=&#8221;on|tablet&#8221; icon_alignment_tablet=&#8221;center&#8221; icon_alignment_phone=&#8221;center&#8221; icon_alignment_last_edited=&#8221;on|tablet&#8221; content_max_width_tablet=&#8221;1100px&#8221; content_max_width_phone=&#8221;1100px&#8221; content_max_width_last_edited=&#8221;on|tablet&#8221; _builder_version=&#8221;4.21.0&#8243; _module_preset=&#8221;default&#8221; header_level=&#8221;h2&#8243; header_font=&#8221;Montserrat|700|||||||&#8221; header_text_color=&#8221;#2D2D2D&#8221; header_font_size=&#8221;1.2em&#8221; body_font=&#8221;Montserrat||||||||&#8221; body_text_color=&#8221;#2D2D2D&#8221; body_font_size=&#8221;1em&#8221; background_color=&#8221;rgba(242,242,242,0.75)&#8221; custom_padding=&#8221;5%||5%|6%|true|false&#8221; custom_padding_tablet=&#8221;|||0%|true|false&#8221; custom_padding_phone=&#8221;|||0%|true|false&#8221; custom_padding_last_edited=&#8221;on|tablet&#8221; link_option_url=&#8221;https:\/\/g.co\/kgs\/cc2Ku5&#8243; link_option_url_new_window=&#8221;on&#8221; header_text_align_tablet=&#8221;center&#8221; header_text_align_phone=&#8221;center&#8221; header_text_align_last_edited=&#8221;on|tablet&#8221; body_text_align_tablet=&#8221;center&#8221; body_text_align_phone=&#8221;center&#8221; body_text_align_last_edited=&#8221;on|tablet&#8221; module_alignment_tablet=&#8221;center&#8221; module_alignment_phone=&#8221;center&#8221; module_alignment_last_edited=&#8221;on|tablet&#8221; custom_css_main_element=&#8221;cursor: pointer;&#8221; border_radii=&#8221;on|8px|8px|8px|8px&#8221; global_colors_info=&#8221;{}&#8221; transform_styles__hover_enabled=&#8221;on|desktop&#8221; transform_scale__hover_enabled=&#8221;on|desktop&#8221; transform_translate__hover_enabled=&#8221;on|desktop&#8221; transform_rotate__hover_enabled=&#8221;on|desktop&#8221; transform_skew__hover_enabled=&#8221;on|desktop&#8221; transform_origin__hover_enabled=&#8221;on|desktop&#8221; transform_scale__hover=&#8221;102%|102%&#8221; body_text_color__hover_enabled=&#8221;on|desktop&#8221; body_text_color__hover=&#8221;#B02B08&#8243;]<\/p>\n<p>Cra. 52 No.144 &#8211; 35<br \/>Bogot\u00e1, Colombia<\/p>\n<p>[\/et_pb_blurb][et_pb_blurb title=&#8221;Follow us&#8221; url=&#8221;https:\/\/www.linkedin.com\/company\/37024122\/admin\/&#8221; url_new_window=&#8221;on&#8221; image=&#8221;https:\/\/scalpel.com.co\/wp-content\/uploads\/2023\/08\/Icono-siguenos-Scalpel.svg&#8221; alt=&#8221;Icono siguenos Scalpel&#8221; image_icon_width=&#8221;9%&#8221; icon_alignment=&#8221;left&#8221; image_icon_width_tablet=&#8221;8%&#8221; image_icon_width_phone=&#8221;8%&#8221; image_icon_width_last_edited=&#8221;on|tablet&#8221; icon_alignment_tablet=&#8221;center&#8221; icon_alignment_phone=&#8221;center&#8221; icon_alignment_last_edited=&#8221;on|tablet&#8221; content_max_width_tablet=&#8221;1100px&#8221; content_max_width_phone=&#8221;1100px&#8221; content_max_width_last_edited=&#8221;on|tablet&#8221; _builder_version=&#8221;4.21.0&#8243; _module_preset=&#8221;default&#8221; header_level=&#8221;h2&#8243; header_font=&#8221;Montserrat|700|||||||&#8221; header_text_color=&#8221;#2D2D2D&#8221; header_font_size=&#8221;1.2em&#8221; body_font=&#8221;Montserrat||||||||&#8221; body_text_color=&#8221;#2D2D2D&#8221; body_font_size=&#8221;1em&#8221; background_color=&#8221;rgba(242,242,242,0.75)&#8221; custom_padding=&#8221;5%||5%|6%|true|false&#8221; custom_padding_tablet=&#8221;|||0%|true|false&#8221; custom_padding_phone=&#8221;|||0%|true|false&#8221; custom_padding_last_edited=&#8221;on|tablet&#8221; link_option_url=&#8221;https:\/\/www.linkedin.com\/company\/37024122\/admin\/&#8221; link_option_url_new_window=&#8221;on&#8221; header_text_align_tablet=&#8221;center&#8221; header_text_align_phone=&#8221;center&#8221; header_text_align_last_edited=&#8221;on|tablet&#8221; body_text_align_tablet=&#8221;center&#8221; body_text_align_phone=&#8221;center&#8221; body_text_align_last_edited=&#8221;on|tablet&#8221; module_alignment_tablet=&#8221;center&#8221; module_alignment_phone=&#8221;center&#8221; module_alignment_last_edited=&#8221;on|tablet&#8221; custom_css_main_element=&#8221;cursor: pointer;&#8221; border_radii=&#8221;on|8px|8px|8px|8px&#8221; global_colors_info=&#8221;{}&#8221; transform_styles__hover_enabled=&#8221;on|desktop&#8221; transform_scale__hover_enabled=&#8221;on|desktop&#8221; transform_translate__hover_enabled=&#8221;on|desktop&#8221; transform_rotate__hover_enabled=&#8221;on|desktop&#8221; transform_skew__hover_enabled=&#8221;on|desktop&#8221; transform_origin__hover_enabled=&#8221;on|desktop&#8221; transform_scale__hover=&#8221;102%|102%&#8221; body_text_color__hover_enabled=&#8221;on|desktop&#8221; body_text_color__hover=&#8221;#B02B08&#8243;]<\/p>\n<p><img loading=\"lazy\" decoding=\"async\" src=\"https:\/\/scalpel.com.co\/wp-content\/uploads\/2023\/08\/LinkedIn-Scalpel.svg\" width=\"27\" height=\"27\" alt=\"LinkedIn Scalpel\" class=\"wp-image-236 alignnone size-medium\"> Scalpel S.A.S<\/p>\n<p>[\/et_pb_blurb][\/et_pb_column][\/et_pb_row][\/et_pb_section]<\/p>\n","protected":false},"excerpt":{"rendered":"<p>ventas@scalpel.com.co(601) 274 7694 | (601) 274 4167Cra. 52 No.144 &#8211; 35Bogot\u00e1, Colombia Scalpel S.A.S<\/p>\n","protected":false},"author":1,"featured_media":713,"parent":0,"menu_order":0,"comment_status":"closed","ping_status":"closed","template":"","meta":{"_et_pb_use_builder":"on","_et_pb_old_content":"","_et_gb_content_width":"","inline_featured_image":false,"footnotes":""},"class_list":["post-729","page","type-page","status-publish","has-post-thumbnail","hentry"],"yoast_head":"<!-- This site is optimized with the Yoast SEO plugin v24.8.1 - https:\/\/yoast.com\/wordpress\/plugins\/seo\/ -->\n<title>Contact us - Scalpel<\/title>\n<meta name=\"description\" content=\"Contacting us is very easy, please use one of our customer service channels and one of our consultants will assist you.\" \/>\n<meta name=\"robots\" content=\"index, follow, max-snippet:-1, max-image-preview:large, max-video-preview:-1\" \/>\n<link rel=\"canonical\" href=\"https:\/\/scalpel.com.co\/en\/contact-us\/\" \/>\n<meta property=\"og:locale\" content=\"en_US\" \/>\n<meta property=\"og:type\" content=\"article\" \/>\n<meta property=\"og:title\" content=\"Contact us - Scalpel\" \/>\n<meta property=\"og:description\" content=\"Contacting us is very easy, please use one of our customer service channels and one of our consultants will assist you.\" \/>\n<meta property=\"og:url\" content=\"https:\/\/scalpel.com.co\/en\/contact-us\/\" \/>\n<meta property=\"og:site_name\" content=\"Scalpel\" \/>\n<meta property=\"article:modified_time\" content=\"2024-03-05T16:31:06+00:00\" \/>\n<meta property=\"og:image\" content=\"https:\/\/scalpel.com.co\/wp-content\/uploads\/2023\/08\/Banner-noticias-Scalpel.jpg\" \/>\n\t<meta property=\"og:image:width\" content=\"1966\" \/>\n\t<meta property=\"og:image:height\" content=\"735\" \/>\n\t<meta property=\"og:image:type\" content=\"image\/jpeg\" \/>\n<meta name=\"twitter:card\" content=\"summary_large_image\" \/>\n<meta name=\"twitter:label1\" content=\"Est. reading time\" \/>\n\t<meta name=\"twitter:data1\" content=\"11 minutes\" \/>\n<!-- \/ Yoast SEO plugin. -->","yoast_head_json":{"title":"Contact us - Scalpel","description":"Contacting us is very easy, please use one of our customer service channels and one of our consultants will assist you.","robots":{"index":"index","follow":"follow","max-snippet":"max-snippet:-1","max-image-preview":"max-image-preview:large","max-video-preview":"max-video-preview:-1"},"canonical":"https:\/\/scalpel.com.co\/en\/contact-us\/","og_locale":"en_US","og_type":"article","og_title":"Contact us - Scalpel","og_description":"Contacting us is very easy, please use one of our customer service channels and one of our consultants will assist you.","og_url":"https:\/\/scalpel.com.co\/en\/contact-us\/","og_site_name":"Scalpel","article_modified_time":"2024-03-05T16:31:06+00:00","og_image":[{"width":1966,"height":735,"url":"https:\/\/scalpel.com.co\/wp-content\/uploads\/2023\/08\/Banner-noticias-Scalpel.jpg","type":"image\/jpeg"}],"twitter_card":"summary_large_image","twitter_misc":{"Est. reading time":"11 minutes"},"schema":{"@context":"https:\/\/schema.org","@graph":[{"@type":"WebPage","@id":"https:\/\/scalpel.com.co\/en\/contact-us\/","url":"https:\/\/scalpel.com.co\/en\/contact-us\/","name":"Contact us - Scalpel","isPartOf":{"@id":"https:\/\/scalpel.com.co\/en\/#website"},"primaryImageOfPage":{"@id":"https:\/\/scalpel.com.co\/en\/contact-us\/#primaryimage"},"image":{"@id":"https:\/\/scalpel.com.co\/en\/contact-us\/#primaryimage"},"thumbnailUrl":"https:\/\/scalpel.com.co\/wp-content\/uploads\/2023\/08\/Banner-noticias-Scalpel.jpg","datePublished":"2023-07-31T15:35:23+00:00","dateModified":"2024-03-05T16:31:06+00:00","description":"Contacting us is very easy, please use one of our customer service channels and one of our consultants will assist you.","breadcrumb":{"@id":"https:\/\/scalpel.com.co\/en\/contact-us\/#breadcrumb"},"inLanguage":"en-US","potentialAction":[{"@type":"ReadAction","target":["https:\/\/scalpel.com.co\/en\/contact-us\/"]}]},{"@type":"ImageObject","inLanguage":"en-US","@id":"https:\/\/scalpel.com.co\/en\/contact-us\/#primaryimage","url":"https:\/\/scalpel.com.co\/wp-content\/uploads\/2023\/08\/Banner-noticias-Scalpel.jpg","contentUrl":"https:\/\/scalpel.com.co\/wp-content\/uploads\/2023\/08\/Banner-noticias-Scalpel.jpg","width":1966,"height":735},{"@type":"BreadcrumbList","@id":"https:\/\/scalpel.com.co\/en\/contact-us\/#breadcrumb","itemListElement":[{"@type":"ListItem","position":1,"name":"Portada","item":"https:\/\/scalpel.com.co\/en\/growing-together\/"},{"@type":"ListItem","position":2,"name":"Contact us"}]},{"@type":"WebSite","@id":"https:\/\/scalpel.com.co\/en\/#website","url":"https:\/\/scalpel.com.co\/en\/","name":"Scalpel","description":"Scalpel","potentialAction":[{"@type":"SearchAction","target":{"@type":"EntryPoint","urlTemplate":"https:\/\/scalpel.com.co\/en\/?s={search_term_string}"},"query-input":{"@type":"PropertyValueSpecification","valueRequired":true,"valueName":"search_term_string"}}],"inLanguage":"en-US"}]}},"_links":{"self":[{"href":"https:\/\/scalpel.com.co\/en\/wp-json\/wp\/v2\/pages\/729","targetHints":{"allow":["GET"]}}],"collection":[{"href":"https:\/\/scalpel.com.co\/en\/wp-json\/wp\/v2\/pages"}],"about":[{"href":"https:\/\/scalpel.com.co\/en\/wp-json\/wp\/v2\/types\/page"}],"author":[{"embeddable":true,"href":"https:\/\/scalpel.com.co\/en\/wp-json\/wp\/v2\/users\/1"}],"replies":[{"embeddable":true,"href":"https:\/\/scalpel.com.co\/en\/wp-json\/wp\/v2\/comments?post=729"}],"version-history":[{"count":21,"href":"https:\/\/scalpel.com.co\/en\/wp-json\/wp\/v2\/pages\/729\/revisions"}],"predecessor-version":[{"id":7311,"href":"https:\/\/scalpel.com.co\/en\/wp-json\/wp\/v2\/pages\/729\/revisions\/7311"}],"wp:featuredmedia":[{"embeddable":true,"href":"https:\/\/scalpel.com.co\/en\/wp-json\/wp\/v2\/media\/713"}],"wp:attachment":[{"href":"https:\/\/scalpel.com.co\/en\/wp-json\/wp\/v2\/media?parent=729"}],"curies":[{"name":"wp","href":"https:\/\/api.w.org\/{rel}","templated":true}]}}